{"id":60,"date":"2018-04-23T18:53:26","date_gmt":"2018-04-23T18:53:26","guid":{"rendered":"http:\/\/www.flamenco-workshops.com\/jlu.dev\/?page_id=60"},"modified":"2024-11-25T01:52:31","modified_gmt":"2024-11-24T23:52:31","slug":"juancardenasflamenco","status":"publish","type":"page","link":"https:\/\/juancardenas.es\/de\/","title":{"rendered":"Juan C\u00e1rdenas"},"content":{"rendered":"\n<blockquote class=\"wp-block-quote has-text-align-center is-style-large is-layout-flow wp-block-quote-is-layout-flow\">\n<p>Wohin ich auch gehen m\u00f6chte,<br>meine Heimat im Sinn<br>Und den Flamenco in meiner Stimme<\/p>\n<\/blockquote>\n\n\n<style>.kb-row-layout-id60_97af48-5e > .kt-row-column-wrap{align-content:start;}:where(.kb-row-layout-id60_97af48-5e > .kt-row-column-wrap) > .wp-block-kadence-column{justify-content:start;}.kb-row-layout-id60_97af48-5e > .kt-row-column-wrap{column-gap:var(--global-kb-gap-md, 2rem);row-gap:var(--global-kb-gap-md, 2rem);max-width:100%;margin-left:auto;margin-right:auto;padding-top:var(--global-kb-spacing-sm, 1.5rem);padding-bottom:var(--global-kb-spacing-sm, 1.5rem);min-height:220px;grid-template-columns:minmax(0, 1fr);}.kb-row-layout-id60_97af48-5e{background-image:url('https:\/\/juancardenas.es\/de\/wp-content\/uploads\/sites\/3\/2019\/07\/main-bg1.jpg');background-size:cover;background-position:center center;background-attachment:fixed;background-repeat:no-repeat;}.kb-row-layout-id60_97af48-5e > .kt-row-layout-overlay{opacity:0.30;}@media all and (max-width: 1024px), only screen and (min-device-width: 1024px) and (max-device-width: 1366px) and (-webkit-min-device-pixel-ratio: 2) and (hover: none){.kb-row-layout-id60_97af48-5e{background-attachment:scroll;}}@media all and (max-width: 1024px){.kb-row-layout-id60_97af48-5e > .kt-row-column-wrap{grid-template-columns:minmax(0, 1fr);}}@media all and (max-width: 767px){.kb-row-layout-id60_97af48-5e > .kt-row-column-wrap{grid-template-columns:minmax(0, 1fr);}}<\/style><div style=\"background-image: url(https:\/\/juancardenas.es\/de\/wp-content\/uploads\/sites\/3\/2019\/07\/main-bg1.jpg);\" class=\"kb-row-layout-wrap kb-row-layout-id60_97af48-5e alignfull kt-row-has-bg kt-jarallax wp-block-kadence-rowlayout\" data-img-position=\"center center\" data-img-size=\"cover\"><div class=\"kt-row-column-wrap kt-has-1-columns kt-row-layout-equal kt-tab-layout-inherit kt-mobile-layout-row kt-row-valign-top\">\n<style>.kadence-column60_20a6b4-3e > .kt-inside-inner-col,.kadence-column60_20a6b4-3e > .kt-inside-inner-col:before{border-top-left-radius:0px;border-top-right-radius:0px;border-bottom-right-radius:0px;border-bottom-left-radius:0px;}.kadence-column60_20a6b4-3e > .kt-inside-inner-col{column-gap:var(--global-kb-gap-sm, 1rem);}.kadence-column60_20a6b4-3e > .kt-inside-inner-col{flex-direction:column;}.kadence-column60_20a6b4-3e > .kt-inside-inner-col > .aligncenter{width:100%;}.kadence-column60_20a6b4-3e > .kt-inside-inner-col:before{opacity:0.3;}.kadence-column60_20a6b4-3e{position:relative;}@media all and (max-width: 1024px){.kadence-column60_20a6b4-3e > .kt-inside-inner-col{flex-direction:column;justify-content:center;}}@media all and (max-width: 767px){.kadence-column60_20a6b4-3e > .kt-inside-inner-col{flex-direction:column;justify-content:center;}}<\/style>\n<div class=\"wp-block-kadence-column kadence-column60_20a6b4-3e inner-column-1\"><div class=\"kt-inside-inner-col\">\n<p>&nbsp;<\/p>\n<\/div><\/div>\n\n<\/div><\/div>\n\n\n<div class=\"wp-block-columns has-3-columns is-layout-flex wp-container-core-columns-is-layout-1 wp-block-columns-is-layout-flex\">\n<div class=\"wp-block-column is-layout-flow wp-block-column-is-layout-flow\">\n<p class=\"has-text-align-center\" style=\"font-size:19px\"><strong>LA PUEBLA DE CAZALLA<br>SEVILLA<\/strong><br><br>Eine Vielzahl von bedeutenden S\u00e4ngern garantieren hier f\u00fcr die Tradition des Flamenco<\/p>\n\n\n\n<p><\/p>\n<\/div>\n\n\n\n<div class=\"wp-block-column is-layout-flow wp-block-column-is-layout-flow\">\n<p class=\"has-text-align-center\" style=\"font-size:19px\"><strong>AVANTGARDE<\/strong><br><strong>TRADITION<\/strong><br><br>Die Wurzeln des Flamenco immer pr\u00e4sent, \u00f6ffne ich mich neuen Projekten, Musiken und Stilen<\/p>\n\n\n\n<p><\/p>\n<\/div>\n\n\n\n<div class=\"wp-block-column is-layout-flow wp-block-column-is-layout-flow\">\n<p class=\"has-text-align-center\" style=\"font-size:19px\"><strong>FLAMENCO<br>OHNE GRENZEN<\/strong><br><br>Geboren aus der andalusischen Bev\u00f6lkerung in ihrer einzigartigen Mischung verschiedener Kulturen, wird der Flamenco seinen Weg gehen, lebendig, gest\u00e4rkt, durch die Einfl\u00fcsse aus der ganzen Welt<\/p>\n<\/div>\n<\/div>\n\n\n\n<div class=\"wp-block-media-text alignfull is-stacked-on-mobile has-dark-gray-background-color has-background\"><figure class=\"wp-block-media-text__media\"><img loading=\"lazy\" decoding=\"async\" width=\"480\" height=\"381\" src=\"http:\/\/www.flamenco-workshops.com\/jlu.dev\/de\/wp-content\/uploads\/sites\/3\/2019\/06\/Yo_Flamenco-Freital2.jpg\" alt=\"\" class=\"wp-image-253 size-full\" srcset=\"https:\/\/juancardenas.es\/de\/wp-content\/uploads\/sites\/3\/2019\/06\/Yo_Flamenco-Freital2.jpg 480w, https:\/\/juancardenas.es\/de\/wp-content\/uploads\/sites\/3\/2019\/06\/Yo_Flamenco-Freital2-300x238.jpg 300w\" sizes=\"auto, (max-width: 480px) 100vw, 480px\" \/><\/figure><div class=\"wp-block-media-text__content\">\n<p class=\"has-drop-cap\">I<br>ch habe den Wunsch, und sehe es als Aufgabe, einen Teil meiner Wurzeln \u00fcber die Grenzen meiner Heimat zu tragen.<\/p>\n\n\n\n<p>Den Gesang meiner Meister, die Texte meines Dorfes, das Gef\u00fchl Andalusiens.<\/p>\n\n\n\n<p>Dies ist die Bedeutung meines Gesanges, den ich in Zusammenarbeit grosser Musiker und T\u00e4nzer in vielen Teilen Europas aus\u00fcbe.<\/p>\n<\/div><\/div>\n\n\n\n<hr class=\"wp-block-separator has-css-opacity\"\/>\n\n\n\n<figure class=\"wp-block-gallery has-nested-images columns-default is-cropped alignfull wp-block-gallery-1 is-layout-flex wp-block-gallery-is-layout-flex\">\n<figure class=\"wp-block-image size-large\"><img loading=\"lazy\" decoding=\"async\" width=\"900\" height=\"560\" data-id=\"170\" src=\"https:\/\/juancardenas.es\/de\/wp-content\/uploads\/sites\/3\/2018\/12\/06.png\" alt=\"\" class=\"wp-image-170\" srcset=\"https:\/\/juancardenas.es\/de\/wp-content\/uploads\/sites\/3\/2018\/12\/06.png 900w, https:\/\/juancardenas.es\/de\/wp-content\/uploads\/sites\/3\/2018\/12\/06-300x187.png 300w, https:\/\/juancardenas.es\/de\/wp-content\/uploads\/sites\/3\/2018\/12\/06-768x478.png 768w\" sizes=\"auto, (max-width: 900px) 100vw, 900px\" \/><\/figure>\n\n\n\n<figure class=\"wp-block-image size-large\"><img loading=\"lazy\" decoding=\"async\" width=\"900\" height=\"600\" data-id=\"169\" src=\"https:\/\/juancardenas.es\/de\/wp-content\/uploads\/sites\/3\/2018\/12\/04-1.png\" alt=\"\" class=\"wp-image-169\" srcset=\"https:\/\/juancardenas.es\/de\/wp-content\/uploads\/sites\/3\/2018\/12\/04-1.png 900w, https:\/\/juancardenas.es\/de\/wp-content\/uploads\/sites\/3\/2018\/12\/04-1-300x200.png 300w, https:\/\/juancardenas.es\/de\/wp-content\/uploads\/sites\/3\/2018\/12\/04-1-768x512.png 768w\" sizes=\"auto, (max-width: 900px) 100vw, 900px\" \/><\/figure>\n\n\n\n<figure class=\"wp-block-image size-large\"><img loading=\"lazy\" decoding=\"async\" width=\"900\" height=\"600\" data-id=\"167\" src=\"https:\/\/juancardenas.es\/de\/wp-content\/uploads\/sites\/3\/2018\/12\/19.png\" alt=\"\" class=\"wp-image-167\" srcset=\"https:\/\/juancardenas.es\/de\/wp-content\/uploads\/sites\/3\/2018\/12\/19.png 900w, https:\/\/juancardenas.es\/de\/wp-content\/uploads\/sites\/3\/2018\/12\/19-300x200.png 300w, https:\/\/juancardenas.es\/de\/wp-content\/uploads\/sites\/3\/2018\/12\/19-768x512.png 768w\" sizes=\"auto, (max-width: 900px) 100vw, 900px\" \/><\/figure>\n\n\n\n<figure class=\"wp-block-image size-large\"><img loading=\"lazy\" decoding=\"async\" width=\"900\" height=\"599\" data-id=\"166\" src=\"https:\/\/juancardenas.es\/de\/wp-content\/uploads\/sites\/3\/2018\/12\/18.png\" alt=\"\" class=\"wp-image-166\" srcset=\"https:\/\/juancardenas.es\/de\/wp-content\/uploads\/sites\/3\/2018\/12\/18.png 900w, https:\/\/juancardenas.es\/de\/wp-content\/uploads\/sites\/3\/2018\/12\/18-300x200.png 300w, https:\/\/juancardenas.es\/de\/wp-content\/uploads\/sites\/3\/2018\/12\/18-768x511.png 768w\" sizes=\"auto, (max-width: 900px) 100vw, 900px\" \/><\/figure>\n\n\n\n<figure class=\"wp-block-image size-large\"><img loading=\"lazy\" decoding=\"async\" width=\"900\" height=\"600\" data-id=\"164\" src=\"https:\/\/juancardenas.es\/de\/wp-content\/uploads\/sites\/3\/2018\/12\/15.png\" alt=\"\" class=\"wp-image-164\" srcset=\"https:\/\/juancardenas.es\/de\/wp-content\/uploads\/sites\/3\/2018\/12\/15.png 900w, https:\/\/juancardenas.es\/de\/wp-content\/uploads\/sites\/3\/2018\/12\/15-300x200.png 300w, https:\/\/juancardenas.es\/de\/wp-content\/uploads\/sites\/3\/2018\/12\/15-768x512.png 768w\" sizes=\"auto, (max-width: 900px) 100vw, 900px\" \/><\/figure>\n\n\n\n<figure class=\"wp-block-image size-large\"><img loading=\"lazy\" decoding=\"async\" width=\"900\" height=\"600\" data-id=\"162\" src=\"https:\/\/juancardenas.es\/de\/wp-content\/uploads\/sites\/3\/2018\/12\/14.png\" alt=\"\" class=\"wp-image-162\" srcset=\"https:\/\/juancardenas.es\/de\/wp-content\/uploads\/sites\/3\/2018\/12\/14.png 900w, https:\/\/juancardenas.es\/de\/wp-content\/uploads\/sites\/3\/2018\/12\/14-300x200.png 300w, https:\/\/juancardenas.es\/de\/wp-content\/uploads\/sites\/3\/2018\/12\/14-768x512.png 768w\" sizes=\"auto, (max-width: 900px) 100vw, 900px\" \/><\/figure>\n\n\n\n<figure class=\"wp-block-image size-large\"><img loading=\"lazy\" decoding=\"async\" width=\"900\" height=\"600\" data-id=\"158\" src=\"https:\/\/juancardenas.es\/de\/wp-content\/uploads\/sites\/3\/2018\/12\/10.png\" alt=\"\" class=\"wp-image-158\" srcset=\"https:\/\/juancardenas.es\/de\/wp-content\/uploads\/sites\/3\/2018\/12\/10.png 900w, https:\/\/juancardenas.es\/de\/wp-content\/uploads\/sites\/3\/2018\/12\/10-300x200.png 300w, https:\/\/juancardenas.es\/de\/wp-content\/uploads\/sites\/3\/2018\/12\/10-768x512.png 768w\" sizes=\"auto, (max-width: 900px) 100vw, 900px\" \/><\/figure>\n\n\n\n<figure class=\"wp-block-image size-large\"><img loading=\"lazy\" decoding=\"async\" width=\"900\" height=\"600\" data-id=\"157\" src=\"https:\/\/juancardenas.es\/de\/wp-content\/uploads\/sites\/3\/2018\/12\/09.png\" alt=\"\" class=\"wp-image-157\" srcset=\"https:\/\/juancardenas.es\/de\/wp-content\/uploads\/sites\/3\/2018\/12\/09.png 900w, https:\/\/juancardenas.es\/de\/wp-content\/uploads\/sites\/3\/2018\/12\/09-300x200.png 300w, https:\/\/juancardenas.es\/de\/wp-content\/uploads\/sites\/3\/2018\/12\/09-768x512.png 768w\" sizes=\"auto, (max-width: 900px) 100vw, 900px\" \/><\/figure>\n\n\n\n<figure class=\"wp-block-image size-large\"><img loading=\"lazy\" decoding=\"async\" width=\"900\" height=\"598\" data-id=\"156\" src=\"https:\/\/juancardenas.es\/de\/wp-content\/uploads\/sites\/3\/2018\/12\/07.png\" alt=\"\" class=\"wp-image-156\" srcset=\"https:\/\/juancardenas.es\/de\/wp-content\/uploads\/sites\/3\/2018\/12\/07.png 900w, https:\/\/juancardenas.es\/de\/wp-content\/uploads\/sites\/3\/2018\/12\/07-300x199.png 300w, https:\/\/juancardenas.es\/de\/wp-content\/uploads\/sites\/3\/2018\/12\/07-768x510.png 768w\" sizes=\"auto, (max-width: 900px) 100vw, 900px\" \/><\/figure>\n<\/figure>\n\n\n\n<figure class=\"wp-block-image alignfull\"><img loading=\"lazy\" decoding=\"async\" width=\"1020\" height=\"200\" src=\"http:\/\/www.flamenco-workshops.com\/jlu.dev\/de\/wp-content\/uploads\/sites\/3\/2018\/12\/Cabecera_Articulos-3.png\" alt=\"\" class=\"wp-image-83\" srcset=\"https:\/\/juancardenas.es\/de\/wp-content\/uploads\/sites\/3\/2018\/12\/Cabecera_Articulos-3.png 1020w, https:\/\/juancardenas.es\/de\/wp-content\/uploads\/sites\/3\/2018\/12\/Cabecera_Articulos-3-300x59.png 300w, https:\/\/juancardenas.es\/de\/wp-content\/uploads\/sites\/3\/2018\/12\/Cabecera_Articulos-3-768x151.png 768w\" sizes=\"auto, (max-width: 1020px) 100vw, 1020px\" \/><\/figure>\n\n\n\n<h2 class=\"wp-block-heading\">Mein Dorf<\/h2>\n\n\n\n<p>Der Name La Puebla de Cazalla ist ein Synonym f\u00fcr Flamenco.<\/p>\n\n\n\n<p>Namen wie La Ni\u00f1a de la Puebla und Jos\u00e9 Menese hinterlassen unausl\u00f6schliche Spuren, die den Enzyklop\u00e4dien \u00fcber die Geschichte des Flamenco dienen-<br>und die auch ein Spiegel sind. <br>F\u00fcr unsere Generation und die, die kommen mag\u2026.<\/p>\n\n\n\n<blockquote class=\"wp-block-quote is-style-large is-layout-flow wp-block-quote-is-layout-flow\">\n<p><img loading=\"lazy\" decoding=\"async\" width=\"464\" height=\"309\" class=\" wp-image-312 alignright\" src=\"https:\/\/juancardenas.es\/de\/wp-content\/uploads\/sites\/3\/2020\/06\/Puebla-300x200.png\" alt=\"\" srcset=\"https:\/\/juancardenas.es\/de\/wp-content\/uploads\/sites\/3\/2020\/06\/Puebla-300x200.png 300w, https:\/\/juancardenas.es\/de\/wp-content\/uploads\/sites\/3\/2020\/06\/Puebla.png 696w\" sizes=\"auto, (max-width: 464px) 100vw, 464px\" \/><em>\u00a1Qu\u00e9 pena tan grande<br>que no cambia el tiempo,<br>y no se mueve ni una nubecita<br>que acabe con esto!<\/em><\/p>\n<cite>Francisco Moreno Galv\u00e1n<br><br><\/cite><\/blockquote>\n\n\n\n<figure class=\"wp-block-image alignfull size-full\"><img loading=\"lazy\" decoding=\"async\" width=\"1020\" height=\"125\" src=\"https:\/\/juancardenas.es\/de\/wp-content\/uploads\/sites\/3\/2018\/12\/Cabecera_Articulos-5.png\" alt=\"\" class=\"wp-image-225\" srcset=\"https:\/\/juancardenas.es\/de\/wp-content\/uploads\/sites\/3\/2018\/12\/Cabecera_Articulos-5.png 1020w, https:\/\/juancardenas.es\/de\/wp-content\/uploads\/sites\/3\/2018\/12\/Cabecera_Articulos-5-300x37.png 300w, https:\/\/juancardenas.es\/de\/wp-content\/uploads\/sites\/3\/2018\/12\/Cabecera_Articulos-5-768x94.png 768w\" sizes=\"auto, (max-width: 1020px) 100vw, 1020px\" \/><figcaption class=\"wp-element-caption\">\t\t\t\t\t\t<\/figcaption><\/figure>\n\n\n\n<h2 class=\"wp-block-heading\" id=\"agenda\">Agenda<\/h2>\n\n\n<div class=\"simcal-calendar simcal-default-calendar simcal-default-calendar-list simcal-default-calendar-light\" data-calendar-id=\"68\" data-timezone=\"Europe\/Madrid\" data-offset=\"7200\" data-week-start=\"1\" data-calendar-start=\"1778623200\" data-calendar-end=\"1778965200\" data-events-first=\"1778958000\" data-events-last=\"1778965200\"><div class=\"simcal-calendar-list \"><nav class=\"simcal-calendar-head\">\n\t<div class=\"simcal-nav\">\n\t\t<button class=\"simcal-nav-button simcal-prev\" title=\"Zur\u00fcck\">\n\t\t\t<i class=\"simcal-icon-left\"><\/i>\n\t\t<\/button>\n\t<\/div>\n\t<div class=\"simcal-nav simcal-current \" data-calendar-current=\"1778623200\">\n\t\t<h3 class=\"simcal-current-label\"> <\/h3>\n\t<\/div>\n\t<div class=\"simcal-nav\">\t\t<button class=\"simcal-nav-button simcal-next\" title=\"Weiter\">\t\t\t<i class=\"simcal-icon-right\"><\/i>\n\t\t<\/button>\n\t<\/div>\n<\/nav>\n<dl class=\"simcal-events-list-container\" data-prev=\"1778958000\" data-next=\"1778965200\" data-heading-small=\"2026, 16 Mai\" data-heading-large=\"16. Mai 2026\">\t<dt class=\"simcal-day-label\" style=\"border-bottom: 1px solid #000000;\" ><span style=\"background-color: #000000; color: #ffffff;\"><span class=\"simcal-date-format\" data-date-format=\"j. F Y\">16. Mai 2026<\/span> <\/span><\/dt>\n<dd class=\"simcal-weekday-6 simcal-past simcal-day simcal-day-has-events simcal-day-has-1-events simcal-events-calendar-68\" data-events-count=\"1\">\n\t<ul class=\"simcal-events\">\n\t<li class=\"simcal-event simcal-event-has-location simcal-events-calendar-68\" style=\"\" itemscope itemtype=\"http:\/\/schema.org\/Event\" data-start=\"1778958000\">\n\t\t<div class=\"simcal-event-details\"><p style=\"text-align: center\"><strong>- <span class=\"simcal-event-title\" itemprop=\"name\">Galana \/ FLAMENCO<\/span> -<br \/>\n<\/strong><span class=\"simcal-event-start simcal-event-start-date\" data-event-start=\"1778958000\" data-event-format=\"j. F Y\" itemprop=\"startDate\" content=\"2026-05-16T21:00:00+02:00\">16. Mai 2026<\/span> - <span class=\"simcal-event-start simcal-event-start-time\" data-event-start=\"1778958000\" data-event-format=\"H:i A\" itemprop=\"startDate\" content=\"2026-05-16T21:00:00+02:00\">21:00 p.m.<\/span><\/p>\n<p style=\"text-align: center\"> <span class=\"simcal-event-address simcal-event-start-location\" itemprop=\"location\" itemscope itemtype=\"http:\/\/schema.org\/Place\"><meta itemprop=\"name\" content=\"Gr\u00fcner Salon, Rosa-Luxemburg-Platz 2, 10178 Berlin, Alemania\" \/><meta itemprop=\"address\" content=\"Gr\u00fcner Salon, Rosa-Luxemburg-Platz 2, 10178 Berlin, Alemania\" \/>Gr\u00fcner Salon, Rosa-Luxemburg-Platz 2, 10178 Berlin, Alemania<\/span><\/p>\n<div style=\"text-align: center\"><div class=\"simcal-event-description\" itemprop=\"description\"><p>- \u201cGalana\u201d is a Berlin-based project that creates a new musical language, merging ancestral Sephardic songs with the expressive freedom of jazz.<\/p>\n<p>The sound emerges at the intersection of memory and present: Melodies sung in medieval Ladino and passed down through generations are given a living space to transform, expand, and take on a voice of their own.<\/p>\n<p>The group\u00a0is formed by Mar\u00eda Brazo (Vocals), Tomer Eshed (Guitar), Urs Johnen (Double Bass), Laurie Rothwell (Clarinet), and David Mill\u00e1n (Drums). The diversity of their musical backgrounds and sensibilities shapes a deeply eclectic and cohesive sound.<\/p>\n<p>Galana\u2019s music is an evolving tapestry where the ancient and the contemporary intertwine.<\/p>\n<p>-Flamenco Performance,\u00a0with\u00a0Juan C\u00e1rdenas &amp; Manuel Reina &amp; Valle Monje<\/p>\n<p>Experience the intensity of Flamenco with a trio of master artists. The performance is a dynamic dialogue between percussive footwork, the deep, emotional currents of the \u2018cante\u2019 (Vocals), and the intricate melodies of the Spanish guitar. This show highlights the profound strength and passion of the male tradition in Flamenco.<\/p>\n<p>Station (location): Gr\u00fcner Salon Volksb\u00fchne, Rosa-Luxemburg-Platz 2, 10178 Berlin<\/p>\n<\/div><\/div>\n<p>&nbsp;<\/p>\n<p>&nbsp;<\/p><\/div>\n\t<\/li>\n<\/ul>\n\n<\/dd>\n<\/dl><div class=\"simcal-ajax-loader simcal-spinner-top\" style=\"display: none;\"><i class=\"simcal-icon-spinner simcal-icon-spin\"><\/i><\/div><\/div><\/div>\n","protected":false},"excerpt":{"rendered":"<p>Wohin ich auch gehen m\u00f6chte,meine Heimat im SinnUnd den Flamenco in meiner Stimme &nbsp; LA PUEBLA DE CAZALLASEVILLA Eine Vielzahl von bedeutenden S\u00e4ngern garantieren hier f\u00fcr die Tradition des Flamenco AVANTGARDETRADITION Die Wurzeln des Flamenco immer pr\u00e4sent, \u00f6ffne ich mich neuen Projekten, Musiken und Stilen FLAMENCOOHNE GRENZEN Geboren aus der andalusischen Bev\u00f6lkerung in ihrer einzigartigen &hellip; <\/p>\n<p class=\"link-more\"><a href=\"https:\/\/juancardenas.es\/de\/\" class=\"more-link\"><span class=\"screen-reader-text\">\u201eJuan C\u00e1rdenas\u201c<\/span> weiterlesen<\/a><\/p>\n","protected":false},"author":1,"featured_media":219,"parent":0,"menu_order":0,"comment_status":"closed","ping_status":"closed","template":"","meta":{"footnotes":""},"class_list":["post-60","page","type-page","status-publish","has-post-thumbnail","hentry","entry"],"aioseo_notices":[],"_links":{"self":[{"href":"https:\/\/juancardenas.es\/de\/wp-json\/wp\/v2\/pages\/60","targetHints":{"allow":["GET"]}}],"collection":[{"href":"https:\/\/juancardenas.es\/de\/wp-json\/wp\/v2\/pages"}],"about":[{"href":"https:\/\/juancardenas.es\/de\/wp-json\/wp\/v2\/types\/page"}],"author":[{"embeddable":true,"href":"https:\/\/juancardenas.es\/de\/wp-json\/wp\/v2\/users\/1"}],"replies":[{"embeddable":true,"href":"https:\/\/juancardenas.es\/de\/wp-json\/wp\/v2\/comments?post=60"}],"version-history":[{"count":36,"href":"https:\/\/juancardenas.es\/de\/wp-json\/wp\/v2\/pages\/60\/revisions"}],"predecessor-version":[{"id":484,"href":"https:\/\/juancardenas.es\/de\/wp-json\/wp\/v2\/pages\/60\/revisions\/484"}],"wp:featuredmedia":[{"embeddable":true,"href":"https:\/\/juancardenas.es\/de\/wp-json\/wp\/v2\/media\/219"}],"wp:attachment":[{"href":"https:\/\/juancardenas.es\/de\/wp-json\/wp\/v2\/media?parent=60"}],"curies":[{"name":"wp","href":"https:\/\/api.w.org\/{rel}","templated":true}]}}